{"id":2576,"date":"2018-07-03T20:23:54","date_gmt":"2018-07-03T17:23:54","guid":{"rendered":"https:\/\/sexshop-delivery24h.gr\/?post_type=product&#038;p=2576"},"modified":"2022-10-07T14:47:24","modified_gmt":"2022-10-07T11:47:24","slug":"softy-vibrator-fuchsia","status":"publish","type":"product","link":"https:\/\/sexshop-24.gr\/en\/shop\/softy-vibrator-fuchsia\/","title":{"rendered":"Vibrator Jaimy D. 10 Vibration Modes Silicon USB Burgundy 19.4 Cm"},"content":{"rendered":"<p>\u03a3\u03c7\u03b5\u03b4\u03af\u03b1\u03c3\u03b7 \u03ac\u03ba\u03b1\u03bc\u03c0\u03c4\u03bf\u03c5 \u03b2\u03b9\u03b4\u03c9\u03c4\u03bf\u03cd. Nervures sensuelles. 10 \u03bb\u03b5\u03b9\u03c4\u03bf\u03c5\u03c1\u03b3\u03af\u03b5\u03c2. Tr\u00e8s maniable.<\/p>\n<p>Longueur Totale 200 mm<br \/>\nLongueur P\u00e9n\u00e9trante 115 mm<br \/>\n\u0394\u03b9\u03ac\u03bc\u03b5\u03c4\u03c1\u03bf\u03c2 38 mm<br \/>\nPoids en Gr 256<\/p>\n<p>usb<\/p>\n","protected":false},"excerpt":{"rendered":"<p>\u03a3\u03c7\u03b5\u03b4\u03af\u03b1\u03c3\u03b7 \u03ac\u03ba\u03b1\u03bc\u03c0\u03c4\u03bf\u03c5 \u03b2\u03b9\u03b4\u03c9\u03c4\u03bf\u03cd. Nervures sensuelles. 10 \u03bb\u03b5\u03b9\u03c4\u03bf\u03c5\u03c1\u03b3\u03af\u03b5\u03c2. Tr\u00e8s maniable.<\/p>\n<p>Longueur Totale 200 mm<br \/>\nLongueur P\u00e9n\u00e9trante 115 mm<br \/>\n\u0394\u03b9\u03ac\u03bc\u03b5\u03c4\u03c1\u03bf\u03c2 38 mm<br \/>\nPoids en Gr 256<\/p>\n<p>usb<\/p>\n","protected":false},"featured_media":5285,"template":"","meta":[],"product_cat":[223,201,211,209,217,221,224,218,225,226,231,232],"product_tag":[],"yoast_head":"<!-- This site is optimized with the Yoast SEO plugin v18.3 - https:\/\/yoast.com\/wordpress\/plugins\/seo\/ -->\n<title>Vibrator Jaimy D. 10 Vibration Modes Silicon USB Burgundy 19.4 Cm - SexShop 24<\/title>\n<meta name=\"robots\" content=\"index, follow, max-snippet:-1, max-image-preview:large, max-video-preview:-1\" \/>\n<link rel=\"canonical\" href=\"https:\/\/sexshop-24.gr\/en\/shop\/softy-vibrator-fuchsia\/\" \/>\n<meta property=\"og:locale\" content=\"en_US\" \/>\n<meta property=\"og:type\" content=\"article\" \/>\n<meta property=\"og:title\" content=\"Vibrator Jaimy D. 10 Vibration Modes Silicon USB Burgundy 19.4 Cm - SexShop 24\" \/>\n<meta property=\"og:description\" content=\"\u03a3\u03c7\u03b5\u03b4\u03af\u03b1\u03c3\u03b7 \u03ac\u03ba\u03b1\u03bc\u03c0\u03c4\u03bf\u03c5 \u03b2\u03b9\u03b4\u03c9\u03c4\u03bf\u03cd. Nervures sensuelles. 10 \u03bb\u03b5\u03b9\u03c4\u03bf\u03c5\u03c1\u03b3\u03af\u03b5\u03c2. Tr\u00e8s maniable.  Longueur Totale 200 mm Longueur P\u00e9n\u00e9trante 115 mm \u0394\u03b9\u03ac\u03bc\u03b5\u03c4\u03c1\u03bf\u03c2 38 mm Poids en Gr 256  usb\" \/>\n<meta property=\"og:url\" content=\"https:\/\/sexshop-24.gr\/shop\/softy-vibrator-fuchsia\/\" \/>\n<meta property=\"og:site_name\" content=\"SexShop 24\" \/>\n<meta property=\"article:modified_time\" content=\"2022-10-07T11:47:24+00:00\" \/>\n<meta property=\"og:image\" content=\"https:\/\/sexshop-24.gr\/wp-content\/uploads\/2018\/07\/8720365101977_3_.jpg\" \/>\n\t<meta property=\"og:image:width\" content=\"466\" \/>\n\t<meta property=\"og:image:height\" content=\"700\" \/>\n\t<meta property=\"og:image:type\" content=\"image\/jpeg\" \/>\n<meta name=\"twitter:card\" content=\"summary\" \/>\n<script type=\"application\/ld+json\" class=\"yoast-schema-graph\">{\"@context\":\"https:\/\/schema.org\",\"@graph\":[{\"@type\":\"WebSite\",\"@id\":\"https:\/\/sexshop-24.gr\/#website\",\"url\":\"https:\/\/sexshop-24.gr\/\",\"name\":\"SexShop 24\",\"description\":\"No1 sex shop \u03c3\u03c4\u03b7\u03bd \u0391\u03b8\u03ae\u03bd\u03b1\",\"potentialAction\":[{\"@type\":\"SearchAction\",\"target\":{\"@type\":\"EntryPoint\",\"urlTemplate\":\"https:\/\/sexshop-24.gr\/?s={search_term_string}\"},\"query-input\":\"required name=search_term_string\"}],\"inLanguage\":\"en-US\"},{\"@type\":\"ImageObject\",\"@id\":\"https:\/\/sexshop-24.gr\/shop\/softy-vibrator-fuchsia\/#primaryimage\",\"inLanguage\":\"en-US\",\"url\":\"https:\/\/sexshop-24.gr\/wp-content\/uploads\/2018\/07\/8720365101977_3_.jpg\",\"contentUrl\":\"https:\/\/sexshop-24.gr\/wp-content\/uploads\/2018\/07\/8720365101977_3_.jpg\",\"width\":466,\"height\":700},{\"@type\":\"WebPage\",\"@id\":\"https:\/\/sexshop-24.gr\/shop\/softy-vibrator-fuchsia\/#webpage\",\"url\":\"https:\/\/sexshop-24.gr\/shop\/softy-vibrator-fuchsia\/\",\"name\":\"Vibrator Jaimy D. 10 Vibration Modes Silicon USB Burgundy 19.4 Cm - SexShop 24\",\"isPartOf\":{\"@id\":\"https:\/\/sexshop-24.gr\/#website\"},\"primaryImageOfPage\":{\"@id\":\"https:\/\/sexshop-24.gr\/shop\/softy-vibrator-fuchsia\/#primaryimage\"},\"datePublished\":\"2018-07-03T17:23:54+00:00\",\"dateModified\":\"2022-10-07T11:47:24+00:00\",\"breadcrumb\":{\"@id\":\"https:\/\/sexshop-24.gr\/shop\/softy-vibrator-fuchsia\/#breadcrumb\"},\"inLanguage\":\"en-US\",\"potentialAction\":[{\"@type\":\"ReadAction\",\"target\":[\"https:\/\/sexshop-24.gr\/shop\/softy-vibrator-fuchsia\/\"]}]},{\"@type\":\"BreadcrumbList\",\"@id\":\"https:\/\/sexshop-24.gr\/shop\/softy-vibrator-fuchsia\/#breadcrumb\",\"itemListElement\":[{\"@type\":\"ListItem\",\"position\":1,\"name\":\"\u0391\u03c1\u03c7\u03b9\u03ba\u03ae\",\"item\":\"https:\/\/sexshop-24.gr\/en\/\"},{\"@type\":\"ListItem\",\"position\":2,\"name\":\"Products\",\"item\":\"https:\/\/sexshop-24.gr\/en\/shop\/\"},{\"@type\":\"ListItem\",\"position\":3,\"name\":\"Vibrator Jaimy D. 10 Vibration Modes Silicon USB Burgundy 19.4 Cm\"}]}]}<\/script>\n<!-- \/ Yoast SEO plugin. -->","yoast_head_json":{"title":"Vibrator Jaimy D. 10 Vibration Modes Silicon USB Burgundy 19.4 Cm - SexShop 24","robots":{"index":"index","follow":"follow","max-snippet":"max-snippet:-1","max-image-preview":"max-image-preview:large","max-video-preview":"max-video-preview:-1"},"canonical":"https:\/\/sexshop-24.gr\/en\/shop\/softy-vibrator-fuchsia\/","og_locale":"en_US","og_type":"article","og_title":"Vibrator Jaimy D. 10 Vibration Modes Silicon USB Burgundy 19.4 Cm - SexShop 24","og_description":"\u03a3\u03c7\u03b5\u03b4\u03af\u03b1\u03c3\u03b7 \u03ac\u03ba\u03b1\u03bc\u03c0\u03c4\u03bf\u03c5 \u03b2\u03b9\u03b4\u03c9\u03c4\u03bf\u03cd. Nervures sensuelles. 10 \u03bb\u03b5\u03b9\u03c4\u03bf\u03c5\u03c1\u03b3\u03af\u03b5\u03c2. Tr\u00e8s maniable.  Longueur Totale 200 mm Longueur P\u00e9n\u00e9trante 115 mm \u0394\u03b9\u03ac\u03bc\u03b5\u03c4\u03c1\u03bf\u03c2 38 mm Poids en Gr 256  usb","og_url":"https:\/\/sexshop-24.gr\/shop\/softy-vibrator-fuchsia\/","og_site_name":"SexShop 24","article_modified_time":"2022-10-07T11:47:24+00:00","og_image":[{"width":466,"height":700,"url":"https:\/\/sexshop-24.gr\/wp-content\/uploads\/2018\/07\/8720365101977_3_.jpg","type":"image\/jpeg"}],"twitter_card":"summary","schema":{"@context":"https:\/\/schema.org","@graph":[{"@type":"WebSite","@id":"https:\/\/sexshop-24.gr\/#website","url":"https:\/\/sexshop-24.gr\/","name":"SexShop 24","description":"No1 sex shop \u03c3\u03c4\u03b7\u03bd \u0391\u03b8\u03ae\u03bd\u03b1","potentialAction":[{"@type":"SearchAction","target":{"@type":"EntryPoint","urlTemplate":"https:\/\/sexshop-24.gr\/?s={search_term_string}"},"query-input":"required name=search_term_string"}],"inLanguage":"en-US"},{"@type":"ImageObject","@id":"https:\/\/sexshop-24.gr\/shop\/softy-vibrator-fuchsia\/#primaryimage","inLanguage":"en-US","url":"https:\/\/sexshop-24.gr\/wp-content\/uploads\/2018\/07\/8720365101977_3_.jpg","contentUrl":"https:\/\/sexshop-24.gr\/wp-content\/uploads\/2018\/07\/8720365101977_3_.jpg","width":466,"height":700},{"@type":"WebPage","@id":"https:\/\/sexshop-24.gr\/shop\/softy-vibrator-fuchsia\/#webpage","url":"https:\/\/sexshop-24.gr\/shop\/softy-vibrator-fuchsia\/","name":"Vibrator Jaimy D. 10 Vibration Modes Silicon USB Burgundy 19.4 Cm - SexShop 24","isPartOf":{"@id":"https:\/\/sexshop-24.gr\/#website"},"primaryImageOfPage":{"@id":"https:\/\/sexshop-24.gr\/shop\/softy-vibrator-fuchsia\/#primaryimage"},"datePublished":"2018-07-03T17:23:54+00:00","dateModified":"2022-10-07T11:47:24+00:00","breadcrumb":{"@id":"https:\/\/sexshop-24.gr\/shop\/softy-vibrator-fuchsia\/#breadcrumb"},"inLanguage":"en-US","potentialAction":[{"@type":"ReadAction","target":["https:\/\/sexshop-24.gr\/shop\/softy-vibrator-fuchsia\/"]}]},{"@type":"BreadcrumbList","@id":"https:\/\/sexshop-24.gr\/shop\/softy-vibrator-fuchsia\/#breadcrumb","itemListElement":[{"@type":"ListItem","position":1,"name":"\u0391\u03c1\u03c7\u03b9\u03ba\u03ae","item":"https:\/\/sexshop-24.gr\/en\/"},{"@type":"ListItem","position":2,"name":"Products","item":"https:\/\/sexshop-24.gr\/en\/shop\/"},{"@type":"ListItem","position":3,"name":"Vibrator Jaimy D. 10 Vibration Modes Silicon USB Burgundy 19.4 Cm"}]}]}},"_links":{"self":[{"href":"https:\/\/sexshop-24.gr\/en\/wp-json\/wp\/v2\/product\/2576"}],"collection":[{"href":"https:\/\/sexshop-24.gr\/en\/wp-json\/wp\/v2\/product"}],"about":[{"href":"https:\/\/sexshop-24.gr\/en\/wp-json\/wp\/v2\/types\/product"}],"wp:featuredmedia":[{"embeddable":true,"href":"https:\/\/sexshop-24.gr\/en\/wp-json\/wp\/v2\/media\/5285"}],"wp:attachment":[{"href":"https:\/\/sexshop-24.gr\/en\/wp-json\/wp\/v2\/media?parent=2576"}],"wp:term":[{"taxonomy":"product_cat","embeddable":true,"href":"https:\/\/sexshop-24.gr\/en\/wp-json\/wp\/v2\/product_cat?post=2576"},{"taxonomy":"product_tag","embeddable":true,"href":"https:\/\/sexshop-24.gr\/en\/wp-json\/wp\/v2\/product_tag?post=2576"}],"curies":[{"name":"wp","href":"https:\/\/api.w.org\/{rel}","templated":true}]}}